{"id":136,"date":"2016-12-26T19:12:55","date_gmt":"2016-12-26T19:12:55","guid":{"rendered":"http:\/\/bliccathemes.com\/kuverta\/demos\/?page_id=130"},"modified":"2021-10-14T14:36:05","modified_gmt":"2021-10-14T14:36:05","slug":"sobre-mim","status":"publish","type":"page","link":"https:\/\/silviapinto.com\/portfolio\/sobre-mim\/","title":{"rendered":"Sobre mim"},"content":{"rendered":"<p>[vc_row][vc_column][vc_column_text]<p>[\/vc_column_text][\/vc_column][\/vc_row][vc_row full_width=&#8221;stretch_row&#8221; css=&#8221;.vc_custom_1482782319254{padding-top: 50px !important;padding-bottom: 50px !important;}&#8221;][vc_column][vc_column_text css=&#8221;.vc_custom_1493757271671{margin-bottom: 20px !important;}&#8221;]<\/p>\n<h3 style=\"font-weight: 500; text-align: center;\">Ol\u00e1!\u00a0Sou a\u00a0<strong>S\u00edlvia<\/strong>,<br \/>\numa designer apaixonada desde 2007&#8230;<\/h3>\n<p>[\/vc_column_text][vc_single_image image=&#8221;718&#8243; img_size=&#8221;full&#8221; alignment=&#8221;center&#8221; css_animation=&#8221;top-to-bottom&#8221; css=&#8221;.vc_custom_1493758483710{margin-top: 50px !important;}&#8221;][\/vc_column][\/vc_row][vc_row][vc_column][vc_column_text]<\/p>\n<\/p>\n<p><p>[\/vc_column_text][\/vc_column][\/vc_row][vc_row][vc_column width=&#8221;1\/3&#8243;][vc_column_text css=&#8221;.vc_custom_1490476649575{padding-top: 35px !important;padding-bottom: 35px !important;padding-left: 35px !important;background-color: #ffffff !important;}&#8221;]<\/p>\n<h3><strong>o que sou:<\/strong><\/h3>\n<p>[\/vc_column_text][vc_column_text css=&#8221;.vc_custom_1491081845989{padding-bottom: 70px !important;padding-left: 35px !important;background-color: #ffffff !important;}&#8221;]CRIATIVA<\/p>\n<p>BEM-DISPOSTA<\/p>\n<p>INCONFORMADA<\/p>\n<p>PERSEVERANTE<\/p>\n<p>PERFECIONISTA[\/vc_column_text][\/vc_column][vc_column width=&#8221;1\/3&#8243;][vc_column_text css=&#8221;.vc_custom_1490476674173{padding-top: 35px !important;padding-bottom: 35px !important;padding-left: 35px !important;}&#8221;]<\/p>\n<h3><strong>o que adoro:<\/strong><\/h3>\n<p>[\/vc_column_text][vc_column_text css=&#8221;.vc_custom_1499425705888{padding-bottom: 70px !important;padding-left: 35px !important;}&#8221;]TRABALHO EM EQUIPA<\/p>\n<p>COMUNICAR<\/p>\n<p>ATEN\u00c7\u00c3O AO DETALHE<\/p>\n<p>ORGANIZA\u00c7\u00c3O E PLANEAMENTO<\/p>\n<p>DESAFIOS[\/vc_column_text][\/vc_column][vc_column width=&#8221;1\/3&#8243;][vc_column_text css=&#8221;.vc_custom_1490476683812{padding-top: 35px !important;padding-bottom: 35px !important;padding-left: 35px !important;}&#8221;]<\/p>\n<h3><strong>o que aprendi:<\/strong><\/h3>\n<p>[\/vc_column_text][vc_column_text css=&#8221;.vc_custom_1490479308389{padding-bottom: 70px !important;padding-left: 35px !important;}&#8221;]TRABALHAR SOBRE PRESS\u00c3O<\/p>\n<p>RESISTIR AO STRESS<\/p>\n<p>SER FLEX\u00cdVEL<\/p>\n<p>SER RESILIENTE<\/p>\n<p>SER PERSISTENTE[\/vc_column_text][\/vc_column][\/vc_row][vc_row][vc_column][vc_column_text]<\/p>\n<\/p>\n<p>[\/vc_column_text][\/vc_column][\/vc_row][vc_row][vc_column css=&#8221;.vc_custom_1490477679768{background-color: #f5f5f5 !important;}&#8221;][vc_column_text css=&#8221;.vc_custom_1529329082769{padding-top: 35px !important;padding-bottom: 35px !important;padding-left: 35px !important;background-color: #f5f5f5 !important;}&#8221;]<\/p>\n<h3><strong>forma\u00e7\u00e3o e percurso profissional<\/strong><\/h3>\n<div class=\"page\" title=\"Page 1\">\n<div class=\"section\">\n<div class=\"layoutArea\"><\/div>\n<\/div>\n<\/div>\n<p>[\/vc_column_text][\/vc_column][\/vc_row][vc_row css=&#8221;.vc_custom_1588845622459{background-color: #f5f5f5 !important;}&#8221;][vc_column width=&#8221;1\/6&#8243; css=&#8221;.vc_custom_1634221193479{padding-right: 0px !important;padding-left: 0px !important;background-color: #f5f5f5 !important;}&#8221;][vc_column_text css=&#8221;.vc_custom_1634221300954{padding-top: 10px !important;padding-left: 55px !important;background-color: #f5f5f5 !important;}&#8221;]<\/p>\n<p>MAR&#8217;07 &#8211; ABR&#8217;09<\/p>\n<p>[\/vc_column_text][vc_separator color=&#8221;custom&#8221; border_width=&#8221;3&#8243; css=&#8221;.vc_custom_1523475923685{padding-top: 10px !important;padding-bottom: 10px !important;padding-left: 0px !important;}&#8221; accent_color=&#8221;#f7e7b9&#8243;][vc_column_text css=&#8221;.vc_custom_1634221311001{padding-bottom: 87px !important;padding-left: 55px !important;background-color: #f5f5f5 !important;}&#8221;]<\/p>\n<h6><strong>Designer Gr\u00e1fica<br \/><\/strong><\/h6>\n<h5>Monstros &amp; Cia<\/h5>\n<p>[\/vc_column_text][\/vc_column][vc_column width=&#8221;1\/6&#8243; css=&#8221;.vc_custom_1523475184104{padding-right: 0px !important;padding-left: 0px !important;background-color: #f5f5f5 !important;}&#8221;][vc_column_text css=&#8221;.vc_custom_1634221318572{padding-top: 10px !important;padding-left: 55px !important;background-color: #f5f5f5 !important;}&#8221;]<\/p>\n<p>MAI&#8217;08 &#8211; ABR&#8217;15<\/p>\n<p>[\/vc_column_text][vc_separator color=&#8221;custom&#8221; border_width=&#8221;3&#8243; css=&#8221;.vc_custom_1523475990074{padding-top: 10px !important;padding-right: 0px !important;padding-bottom: 10px !important;padding-left: 0px !important;}&#8221; accent_color=&#8221;#f7c940&#8243;][vc_column_text css=&#8221;.vc_custom_1634221326729{padding-bottom: 68px !important;padding-left: 55px !important;background-color: #f5f5f5 !important;}&#8221;]<\/p>\n<h6><strong>Coordenadora T\u00e9cnica<br \/><\/strong><\/h6>\n<h5><a href=\"http:\/\/grupoch.pt\/monstroscia\" target=\"_blank\" rel=\"noopener noreferrer\">Monstros &amp; Cia<\/a><\/h5>\n<p>[\/vc_column_text][\/vc_column][vc_column width=&#8221;1\/6&#8243; css=&#8221;.vc_custom_1523475318344{padding-right: 0px !important;padding-left: 0px !important;background-color: #f5f5f5 !important;}&#8221;][vc_column_text css=&#8221;.vc_custom_1634221338396{padding-top: 10px !important;padding-right: 0px !important;padding-left: 55px !important;background-color: #f5f5f5 !important;}&#8221;]<\/p>\n<p>MAI&#8217;15 &#8211; DEZ&#8217;19<\/p>\n<p>[\/vc_column_text][vc_separator color=&#8221;custom&#8221; border_width=&#8221;3&#8243; css=&#8221;.vc_custom_1523476116078{padding-top: 10px !important;padding-right: 0px !important;padding-bottom: 10px !important;padding-left: 0px !important;}&#8221; accent_color=&#8221;#f7b900&#8243;][vc_column_text css=&#8221;.vc_custom_1634221346530{padding-right: 0px !important;padding-bottom: 68px !important;padding-left: 55px !important;background-color: #f5f5f5 !important;}&#8221;]<\/p>\n<h6><strong>Diretora Criativa<\/strong><\/h6>\n<h5><a href=\"http:\/\/grupoch.pt\/monstroscia\" target=\"_blank\" rel=\"noopener noreferrer\">Monstros &amp; Cia<\/a><\/h5>\n<p>[\/vc_column_text][\/vc_column][vc_column width=&#8221;1\/6&#8243; css=&#8221;.vc_custom_1523475398965{padding-right: 0px !important;padding-left: 0px !important;background-color: #f5f5f5 !important;}&#8221;][vc_column_text css=&#8221;.vc_custom_1634221353551{padding-top: 10px !important;padding-right: 0px !important;padding-left: 55px !important;background-color: #f5f5f5 !important;}&#8221;]<\/p>\n<p>JAN&#8217;19 &#8211; SET&#8217;20<\/p>\n<p>[\/vc_column_text][vc_separator color=&#8221;custom&#8221; border_width=&#8221;3&#8243; css=&#8221;.vc_custom_1523476116078{padding-top: 10px !important;padding-right: 0px !important;padding-bottom: 10px !important;padding-left: 0px !important;}&#8221; accent_color=&#8221;#f7b900&#8243;][vc_column_text css=&#8221;.vc_custom_1634221359851{padding-right: 0px !important;padding-bottom: 68px !important;padding-left: 55px !important;background-color: #f5f5f5 !important;}&#8221;]<\/p>\n<h6><strong>Designer Gr\u00e1fica<br \/>&amp; Digital<br \/><\/strong><\/h6>\n<h5>GesEntrepreneur<\/h5>\n<p>[\/vc_column_text][\/vc_column][vc_column width=&#8221;1\/6&#8243; css=&#8221;.vc_custom_1523475455420{padding-right: 0px !important;padding-left: 0px !important;background-color: #f5f5f5 !important;}&#8221;][vc_column_text css=&#8221;.vc_custom_1634221366488{padding-top: 10px !important;padding-right: 0px !important;padding-left: 55px !important;background-color: #f5f5f5 !important;}&#8221;]<\/p>\n<p>OUT&#8217;20 &#8211; FEV&#8217;21<\/p>\n<p>[\/vc_column_text][vc_separator color=&#8221;custom&#8221; border_width=&#8221;3&#8243; css=&#8221;.vc_custom_1523476116078{padding-top: 10px !important;padding-right: 0px !important;padding-bottom: 10px !important;padding-left: 0px !important;}&#8221; accent_color=&#8221;#f7b900&#8243;][vc_column_text css=&#8221;.vc_custom_1634221373407{padding-right: 0px !important;padding-bottom: 68px !important;padding-left: 55px !important;background-color: #f5f5f5 !important;}&#8221;]<\/p>\n<h6><strong>Gestora de<br \/>Projeto<br \/><\/strong><\/h6>\n<h5>YNB &#8211; Your New Brand<\/h5>\n<p>[\/vc_column_text][\/vc_column][vc_column width=&#8221;1\/6&#8243; css=&#8221;.vc_custom_1634221429930{padding-right: 0px !important;padding-left: 0px !important;background-color: #f5f5f5 !important;}&#8221;][vc_column_text css=&#8221;.vc_custom_1634221381057{padding-top: 10px !important;padding-right: 0px !important;padding-left: 55px !important;background-color: #f5f5f5 !important;}&#8221;]<\/p>\n<p>DESDE MAR&#8217;21<\/p>\n<p>[\/vc_column_text][vc_separator color=&#8221;custom&#8221; border_width=&#8221;3&#8243; css=&#8221;.vc_custom_1523476116078{padding-top: 10px !important;padding-right: 0px !important;padding-bottom: 10px !important;padding-left: 0px !important;}&#8221; accent_color=&#8221;#f7b900&#8243;][vc_column_text css=&#8221;.vc_custom_1634221392770{padding-right: 0px !important;padding-bottom: 68px !important;padding-left: 55px !important;background-color: #f5f5f5 !important;}&#8221;]<\/p>\n<h6><strong>Freelancer<\/strong><\/h6>\n<p>[\/vc_column_text][\/vc_column][\/vc_row][vc_row css=&#8221;.vc_custom_1588845622459{background-color: #f5f5f5 !important;}&#8221;][vc_column width=&#8221;1\/6&#8243; css=&#8221;.vc_custom_1634221208532{padding-right: 0px !important;padding-left: 0px !important;background-color: #f5f5f5 !important;}&#8221;][vc_column_text css=&#8221;.vc_custom_1634221400138{padding-top: 10px !important;padding-left: 55px !important;background-color: #f5f5f5 !important;}&#8221;]<\/p>\n<p>OUT&#8217;01-JUN&#8217;06<\/p>\n<p>[\/vc_column_text][vc_separator color=&#8221;white&#8221; border_width=&#8221;3&#8243; css=&#8221;.vc_custom_1631627531132{padding-top: 10px !important;padding-bottom: 10px !important;}&#8221;][vc_column_text css=&#8221;.vc_custom_1634221408509{padding-bottom: 35px !important;padding-left: 55px !important;background-color: #f5f5f5 !important;}&#8221;]<\/p>\n<h6><strong>Licenciatura em Design de Comunica\u00e7\u00e3o<br \/><\/strong><\/h6>\n<h5>Escola Universit\u00e1ria das Artes de Coimbra<\/h5>\n<p>[\/vc_column_text][\/vc_column][vc_column width=&#8221;1\/6&#8243; css=&#8221;.vc_custom_1634221439020{padding-right: 0px !important;padding-left: 0px !important;background-color: #f5f5f5 !important;}&#8221;][vc_column_text css=&#8221;.vc_custom_1634221415315{padding-top: 10px !important;padding-right: 0px !important;padding-left: 55px !important;background-color: #f5f5f5 !important;}&#8221;]<\/p>\n<p>JAN-MAR&#8217;18<\/p>\n<p>[\/vc_column_text][vc_separator color=&#8221;white&#8221; border_width=&#8221;3&#8243; css=&#8221;.vc_custom_1523476769629{padding-top: 10px !important;padding-right: 0px !important;padding-bottom: 10px !important;padding-left: 0px !important;}&#8221;][vc_column_text css=&#8221;.vc_custom_1634221422054{padding-right: 0px !important;padding-bottom: 49px !important;padding-left: 55px !important;background-color: #f5f5f5 !important;}&#8221;]<\/p>\n<h6><strong>Curso Especializado UX\/UI Design<\/strong><\/h6>\n<h5>Flag<\/h5>\n<p>[\/vc_column_text][\/vc_column][vc_column width=&#8221;1\/6&#8243;][\/vc_column][\/vc_row][vc_row][vc_column][vc_column_text]<\/p>\n<p><p>[\/vc_column_text][\/vc_column][\/vc_row][vc_row][vc_column][vc_column_text css=&#8221;.vc_custom_1634221918103{padding-top: 70px !important;padding-bottom: 40px !important;padding-left: 35px !important;background-color: #ffffff !important;}&#8221;]<\/p>\n<h3><strong>skills e reconhecimentos<\/strong><\/h3>\n<p>[\/vc_column_text][\/vc_column][\/vc_row][vc_row][vc_column][vc_column_text]<\/p>\n<\/p>\n<p>[\/vc_column_text][\/vc_column][\/vc_row][vc_row][vc_column width=&#8221;2\/6&#8243;][vc_column_text css=&#8221;.vc_custom_1634222095826{padding-bottom: 70px !important;padding-left: 35px !important;}&#8221;]<\/p>\n<p>Adobe Photoshop CC<\/p>\n<p>Adobe InDesign CC<\/p>\n<p>Adobe Illustrator CC<\/p>\n<p>Adobe After Effects CC<\/p>\n<p>Sketch<\/p>\n<p>InVision<\/p>\n<p>[\/vc_column_text][\/vc_column][vc_column width=&#8221;1\/6&#8243; css=&#8221;.vc_custom_1634222132186{padding-bottom: 70px !important;}&#8221;][vc_column_text css=&#8221;.vc_custom_1634221966356{padding-top: 0px !important;padding-left: 35px !important;background-color: #ffffff !important;}&#8221;]<\/p>\n<p><strong>2014<\/strong><\/p>\n<p>[\/vc_column_text][vc_separator color=&#8221;custom&#8221; border_width=&#8221;3&#8243; css=&#8221;.vc_custom_1490479804606{padding-top: 10px !important;padding-bottom: 10px !important;padding-left: 30px !important;}&#8221; accent_color=&#8221;#f5f5f5&#8243;][vc_column_text css=&#8221;.vc_custom_1490544158742{padding-bottom: 10px !important;padding-left: 35px !important;background-color: #ffffff !important;}&#8221;]<\/p>\n<h6>Log\u00f3tipo escolhido para o Trends Report do Logolounge<\/h6>\n<p>[\/vc_column_text][vc_single_image image=&#8221;637&#8243; img_size=&#8221;90&#215;70&#8243; css=&#8221;.vc_custom_1490544269044{padding-bottom: 35px !important;padding-left: 35px !important;}&#8221;][vc_btn title=&#8221;VER REPORT&#8221; style=&#8221;outline&#8221; shape=&#8221;square&#8221; color=&#8221;black&#8221; size=&#8221;xs&#8221; align=&#8221;left&#8221; link=&#8221;url:https%3A%2F%2Fwww.logolounge.com%2Farticles%2F2014-logo-trends%23.U3nWDC8eWHk||target:%20_blank|&#8221; css=&#8221;.vc_custom_1634222063802{padding-left: 35px !important;}&#8221;][\/vc_column][vc_column width=&#8221;1\/6&#8243; css=&#8221;.vc_custom_1634222159402{padding-bottom: 70px !important;background-color: #ffffff !important;}&#8221;][vc_column_text css=&#8221;.vc_custom_1634221957897{padding-top: 0px !important;padding-left: 35px !important;background-color: #ffffff !important;}&#8221;]<\/p>\n<p><strong>2013<\/strong><\/p>\n<p>[\/vc_column_text][vc_separator color=&#8221;custom&#8221; border_width=&#8221;3&#8243; css=&#8221;.vc_custom_1490479804606{padding-top: 10px !important;padding-bottom: 10px !important;padding-left: 30px !important;}&#8221; accent_color=&#8221;#f5f5f5&#8243;][vc_column_text css=&#8221;.vc_custom_1490543112093{padding-bottom: 10px !important;padding-left: 35px !important;background-color: #ffffff !important;}&#8221;]<\/p>\n<h6><strong>2\u00ba lugar<br \/>\n<\/strong>Campanha Comunica\u00e7\u00e3o Institucional<\/h6>\n<p>[\/vc_column_text][vc_single_image image=&#8221;631&#8243; img_size=&#8221;40&#215;70&#8243; css=&#8221;.vc_custom_1490543063504{padding-bottom: 35px !important;padding-left: 35px !important;}&#8221;][vc_btn title=&#8221;VER PROJETO&#8221; style=&#8221;outline&#8221; shape=&#8221;square&#8221; color=&#8221;black&#8221; size=&#8221;xs&#8221; align=&#8221;left&#8221; link=&#8221;url:https%3A%2F%2Fsilviapinto.com%2Fportfolio%2Fportfolios%2Fcampanha-vou-ser-candidato%2F||target:%20_blank|&#8221; css=&#8221;.vc_custom_1634222074773{padding-left: 35px !important;}&#8221;][\/vc_column][vc_column width=&#8221;1\/6&#8243; css=&#8221;.vc_custom_1634222145372{padding-bottom: 70px !important;}&#8221;][vc_column_text css=&#8221;.vc_custom_1634221975863{padding-top: 0px !important;padding-left: 35px !important;background-color: #ffffff !important;}&#8221;]<\/p>\n<p><strong>2013<\/strong><\/p>\n<p>[\/vc_column_text][vc_separator color=&#8221;custom&#8221; border_width=&#8221;3&#8243; css=&#8221;.vc_custom_1490479804606{padding-top: 10px !important;padding-bottom: 10px !important;padding-left: 30px !important;}&#8221; accent_color=&#8221;#f5f5f5&#8243;][vc_column_text css=&#8221;.vc_custom_1490542859254{padding-bottom: 10px !important;padding-left: 35px !important;background-color: #ffffff !important;}&#8221;]<\/p>\n<h6><strong>1\u00ba lugar<br \/>\n<\/strong>A\u00e7\u00e3o de Motiva\u00e7\u00e3o<\/h6>\n<p>[\/vc_column_text][vc_single_image image=&#8221;630&#8243; img_size=&#8221;110&#215;70&#8243; css=&#8221;.vc_custom_1490544501732{padding-bottom: 54px !important;padding-left: 35px !important;}&#8221;][vc_btn title=&#8221;VER PROJETO&#8221; style=&#8221;outline&#8221; shape=&#8221;square&#8221; color=&#8221;black&#8221; size=&#8221;xs&#8221; align=&#8221;left&#8221; link=&#8221;url:https%3A%2F%2Fsilviapinto.com%2Fportfolio%2Fportfolios%2Fcampanha-vou-ser-candidato%2F||target:%20_blank|&#8221; css=&#8221;.vc_custom_1634222086811{padding-left: 35px !important;}&#8221;][\/vc_column][vc_column width=&#8221;1\/6&#8243; css=&#8221;.vc_custom_1634222151583{padding-bottom: 70px !important;}&#8221;][vc_column_text css=&#8221;.vc_custom_1634221985459{padding-top: 0px !important;padding-left: 35px !important;background-color: #ffffff !important;}&#8221;]<\/p>\n<p><strong>2013<\/strong><\/p>\n<p>[\/vc_column_text][vc_separator color=&#8221;custom&#8221; border_width=&#8221;3&#8243; css=&#8221;.vc_custom_1490479804606{padding-top: 10px !important;padding-bottom: 10px !important;padding-left: 30px !important;}&#8221; accent_color=&#8221;#f5f5f5&#8243;][vc_column_text css=&#8221;.vc_custom_1490542727447{padding-bottom: 10px !important;padding-left: 35px !important;background-color: #ffffff !important;}&#8221;]<\/p>\n<h6><strong>1\u00ba lugar<br \/>\n<\/strong>Online newsletter<\/h6>\n<p>[\/vc_column_text][vc_single_image image=&#8221;628&#8243; img_size=&#8221;300&#215;120&#8243; css=&#8221;.vc_custom_1490542965747{padding-top: 15px !important;padding-bottom: 35px !important;padding-left: 35px !important;}&#8221;][\/vc_column][\/vc_row][vc_row][vc_column][vc_column_text][\/vc_column_text][\/vc_column][\/vc_row]<\/p>\n","protected":false},"excerpt":{"rendered":"<p>[vc_row][vc_column][vc_column_text] [\/vc_column_text][\/vc_column][\/vc_row][vc_row][vc_column css=&#8221;.vc_custom_1490477679768{background-color: #f5f5f5 !important;}&#8221;][vc_column_text css=&#8221;.vc_custom_1529329082769{padding-top: 35px !important;padding-bottom: 35px !important;padding-left: 35px !important;background-color: #f5f5f5 !important;}&#8221;] forma\u00e7\u00e3o e percurso profissional [\/vc_column_text][\/vc_column][\/vc_row][vc_row css=&#8221;.vc_custom_1588845622459{background-color: #f5f5f5 !important;}&#8221;][vc_column width=&#8221;1\/6&#8243; css=&#8221;.vc_custom_1634221193479{padding-right: 0px !important;padding-left: 0px !important;background-color: #f5f5f5 !important;}&#8221;][vc_column_text css=&#8221;.vc_custom_1634221300954{padding-top: 10px !important;padding-left: 55px !important;background-color: #f5f5f5 !important;}&#8221;] MAR&#8217;07 &#8211; ABR&#8217;09 [\/vc_column_text][vc_separator color=&#8221;custom&#8221; border_width=&#8221;3&#8243; css=&#8221;.vc_custom_1523475923685{padding-top: 10px !important;padding-bottom: 10px !important;padding-left: 0px !important;}&#8221; accent_color=&#8221;#f7e7b9&#8243;][vc_column_text css=&#8221;.vc_custom_1634221311001{padding-bottom: 87px !important;padding-left: 55px !important;background-color: #f5f5f5 !important;}&#8221;] Designer Gr\u00e1fica [&hellip;]<\/p>\n","protected":false},"author":1,"featured_media":0,"parent":0,"menu_order":0,"comment_status":"closed","ping_status":"closed","template":"home-page-template.php","meta":[],"_links":{"self":[{"href":"https:\/\/silviapinto.com\/portfolio\/wp-json\/wp\/v2\/pages\/136"}],"collection":[{"href":"https:\/\/silviapinto.com\/portfolio\/wp-json\/wp\/v2\/pages"}],"about":[{"href":"https:\/\/silviapinto.com\/portfolio\/wp-json\/wp\/v2\/types\/page"}],"author":[{"embeddable":true,"href":"https:\/\/silviapinto.com\/portfolio\/wp-json\/wp\/v2\/users\/1"}],"replies":[{"embeddable":true,"href":"https:\/\/silviapinto.com\/portfolio\/wp-json\/wp\/v2\/comments?post=136"}],"version-history":[{"count":151,"href":"https:\/\/silviapinto.com\/portfolio\/wp-json\/wp\/v2\/pages\/136\/revisions"}],"predecessor-version":[{"id":1716,"href":"https:\/\/silviapinto.com\/portfolio\/wp-json\/wp\/v2\/pages\/136\/revisions\/1716"}],"wp:attachment":[{"href":"https:\/\/silviapinto.com\/portfolio\/wp-json\/wp\/v2\/media?parent=136"}],"curies":[{"name":"wp","href":"https:\/\/api.w.org\/{rel}","templated":true}]}}